{"id":4844,"date":"2014-01-13T17:52:23","date_gmt":"2014-01-13T17:52:23","guid":{"rendered":"http:\/\/www.azoresrallye.com\/?page_id=4844"},"modified":"2016-04-02T22:30:18","modified_gmt":"2016-04-02T22:30:18","slug":"for-the-braves","status":"publish","type":"page","link":"https:\/\/www.gdc.com.pt\/rpdl\/for-the-braves\/","title":{"rendered":"Trof\u00e9u FOR THE BRAVES"},"content":{"rendered":"<p>OBJETIVO<\/p>\n<p>Destacar o concorrente que mais se evidenciou no\u00a0Azores Airlines Rallye<\/p>\n<p>&nbsp;<\/p>\n<p>O TROF\u00c9U<\/p>\n<p>A a\u00e7orianidade no seu expoente m\u00e1ximo! Sobre uma base em pedra de basalto, um a\u00e7or d\u00e1 o mote FOR THE BRAVES (para os bravos) ao evento de maior proje\u00e7\u00e3o dos A\u00e7ores.<\/p>\n<p>&nbsp;<\/p>\n<p>JURI<\/p>\n<p>Ser\u00e1 composto pelo Presidente da Comiss\u00e3o Organizadora, por dois jornalistas, um nacional e outro internacional a nomear e os media officers do FIA ERC e do Azores Airlines Rallye<\/p>\n<p>&nbsp;<\/p>\n<p>CONSAGRA\u00c7\u00c3O<\/p>\n<p>No p\u00f3dio de chegada, com o pr\u00e9mio a ser entregue por S. Exa. o Presidente do Governo dos A\u00e7ores.<\/p>\n","protected":false},"excerpt":{"rendered":"<p>OBJETIVO Destacar o concorrente que mais se evidenciou no\u00a0Azores Airlines Rallye &nbsp; O TROF\u00c9U A a\u00e7orianidade no seu expoente m\u00e1ximo! Sobre uma base em pedra de basalto, um a\u00e7or d\u00e1 o mote FOR THE BRAVES (para os bravos) ao evento de maior proje\u00e7\u00e3o dos A\u00e7ores. &nbsp; JURI Ser\u00e1 composto pelo Presidente da Comiss\u00e3o Organizadora, por [&hellip;]<\/p>\n","protected":false},"author":1,"featured_media":5542,"parent":0,"menu_order":0,"comment_status":"closed","ping_status":"closed","template":"","meta":{"om_disable_all_campaigns":false,"_monsterinsights_skip_tracking":false,"_monsterinsights_sitenote_active":false,"_monsterinsights_sitenote_note":"","_monsterinsights_sitenote_category":0},"aioseo_notices":[],"_links":{"self":[{"href":"https:\/\/www.gdc.com.pt\/rpdl\/wp-json\/wp\/v2\/pages\/4844"}],"collection":[{"href":"https:\/\/www.gdc.com.pt\/rpdl\/wp-json\/wp\/v2\/pages"}],"about":[{"href":"https:\/\/www.gdc.com.pt\/rpdl\/wp-json\/wp\/v2\/types\/page"}],"author":[{"embeddable":true,"href":"https:\/\/www.gdc.com.pt\/rpdl\/wp-json\/wp\/v2\/users\/1"}],"replies":[{"embeddable":true,"href":"https:\/\/www.gdc.com.pt\/rpdl\/wp-json\/wp\/v2\/comments?post=4844"}],"version-history":[{"count":14,"href":"https:\/\/www.gdc.com.pt\/rpdl\/wp-json\/wp\/v2\/pages\/4844\/revisions"}],"predecessor-version":[{"id":7128,"href":"https:\/\/www.gdc.com.pt\/rpdl\/wp-json\/wp\/v2\/pages\/4844\/revisions\/7128"}],"wp:featuredmedia":[{"embeddable":true,"href":"https:\/\/www.gdc.com.pt\/rpdl\/wp-json\/wp\/v2\/media\/5542"}],"wp:attachment":[{"href":"https:\/\/www.gdc.com.pt\/rpdl\/wp-json\/wp\/v2\/media?parent=4844"}],"curies":[{"name":"wp","href":"https:\/\/api.w.org\/{rel}","templated":true}]}}